{"id":10096,"date":"2019-09-07T08:53:38","date_gmt":"2019-09-07T06:53:38","guid":{"rendered":"http:\/\/innoschool.io\/?page_id=10096"},"modified":"2024-08-11T12:06:45","modified_gmt":"2024-08-11T10:06:45","slug":"challenges","status":"publish","type":"page","link":"https:\/\/innolab.org\/de\/challenges\/","title":{"rendered":"Challenges"},"content":{"rendered":"<section class=\"wpb-content-wrapper\"><div class=\"vc_row wpb_row vc_row-fluid qodef-section qodef-content-aligment-center qodef-grid-section\" style=\"\"><div class=\"clearfix qodef-section-inner\"><div class=\"qodef-section-inner-margin clearfix\"><div class=\"wpb_column vc_column_container vc_col-sm-12\"><div class=\"vc_column-inner\"><div class=\"wpb_wrapper\"><div class=\"vc_empty_space\"   style=\"height: 48px\"><span class=\"vc_empty_space_inner\"><\/span><\/div>\n\t<div class=\"wpb_text_column wpb_content_element  bigger\" >\n\t\t<div class=\"wpb_wrapper\">\n\t\t\t<h1 style=\"text-align: center;\">InnoLab 2024<\/h1>\n\n\t\t<\/div>\n\t<\/div>\n<div class = \"qodef-portfolio-list-holder-outer qodef-ptf-standard qodef-ptf-three-columns\" data-next-page= 2 data-type= standard data-columns= three data-grid-size= three data-order-by= menu_order data-order= ASC data-number= -1 data-image-size= full data-filter= no data-filter-order-by= name data-category= innolab24 data-show-load-more= no data-title-tag= h5 data-max-num-pages = 0><div class = \"qodef-portfolio-list-holder clearfix\" ><article class=\"qodef-portfolio-item mix portfolio_category_413\">\r\n\t<div class = \"qodef-item-image-holder\">\r\n\t\t<img loading=\"lazy\" decoding=\"async\" width=\"1024\" height=\"645\" src=\"https:\/\/innolab.org\/wp-content\/uploads\/2023\/06\/at_suppenbar_15-1-scaled.jpg\" class=\"attachment-full size-full wp-post-image\" alt=\"\" srcset=\"https:\/\/innolab.org\/wp-content\/uploads\/2023\/06\/at_suppenbar_15-1-scaled.jpg 1024w, https:\/\/innolab.org\/wp-content\/uploads\/2023\/06\/at_suppenbar_15-1-300x189.jpg 300w, https:\/\/innolab.org\/wp-content\/uploads\/2023\/06\/at_suppenbar_15-1-768x484.jpg 768w, https:\/\/innolab.org\/wp-content\/uploads\/2023\/06\/at_suppenbar_15-1-1536x968.jpg 1536w\" sizes=\"auto, (max-width: 1024px) 100vw, 1024px\" \/>\t\t<div class = \"qodef-item-image-holder-overlay\">\r\n\t\t\t<div class = \"qodef-item-image-holder-table\">\r\n\t\t\t\t<div class = \"qodef-item-image-holder-cell\">\r\n\t\t\t\t\t<div class=\"qodef-item-icons-holder\"><a class=\"qodef-portfolio-lightbox\" title=\"Personenzentrierte Assistenz &#038; Inklusive Interaktionsr\u00e4ume\" href=\"https:\/\/innolab.org\/wp-content\/uploads\/2023\/06\/at_suppenbar_15-1-scaled.jpg\" data-rel=\"prettyPhoto[pretty_photo_gallery]\"><\/a><a class=\"qodef-like\" data-type=\"portfolio_list\" id=\"qodef-like-10287-248\" title=\"Like this\"><\/a><a class=\"qodef-preview\" title=\"Go to Project\" href=\"https:\/\/innolab.org\/de\/challenge\/inclusion\/\" data-type=\"portfolio_list\"><\/a><\/div>\t\t\t\t<\/div>\r\n\t\t\t<\/div>\r\n\t\t<\/div>\r\n\t<\/div>\r\n\t<div class=\"qodef-item-text-holder\">\r\n\t\t<h5 class=\"qodef-item-title\">\r\n\t\t\t<a href=\"https:\/\/innolab.org\/de\/challenge\/inclusion\/\">\r\n\t\t\t\tPersonenzentrierte Assistenz &#038; Inklusive Interaktionsr\u00e4ume\t\t\t<\/a>\r\n\t\t<\/h5>\r\n\t\t<div class=\"qodef-ptf-category-holder\"><span>InnoLab24<\/span><\/div>\t<\/div>\r\n<\/article>\r\n<article class=\"qodef-portfolio-item mix portfolio_category_413\">\r\n\t<div class = \"qodef-item-image-holder\">\r\n\t\t<img loading=\"lazy\" decoding=\"async\" width=\"1024\" height=\"684\" src=\"https:\/\/innolab.org\/wp-content\/uploads\/2023\/06\/InnoLab_Omicron-6-scaled.jpg\" class=\"attachment-full size-full wp-post-image\" alt=\"\" srcset=\"https:\/\/innolab.org\/wp-content\/uploads\/2023\/06\/InnoLab_Omicron-6-scaled.jpg 1024w, https:\/\/innolab.org\/wp-content\/uploads\/2023\/06\/InnoLab_Omicron-6-300x200.jpg 300w, https:\/\/innolab.org\/wp-content\/uploads\/2023\/06\/InnoLab_Omicron-6-768x513.jpg 768w\" sizes=\"auto, (max-width: 1024px) 100vw, 1024px\" \/>\t\t<div class = \"qodef-item-image-holder-overlay\">\r\n\t\t\t<div class = \"qodef-item-image-holder-table\">\r\n\t\t\t\t<div class = \"qodef-item-image-holder-cell\">\r\n\t\t\t\t\t<div class=\"qodef-item-icons-holder\"><a class=\"qodef-portfolio-lightbox\" title=\"AI-powered Data Digitalization\" href=\"https:\/\/innolab.org\/wp-content\/uploads\/2023\/06\/InnoLab_Omicron-6-scaled.jpg\" data-rel=\"prettyPhoto[pretty_photo_gallery]\"><\/a><a class=\"qodef-like\" data-type=\"portfolio_list\" id=\"qodef-like-11058-291\" title=\"Like this\"><\/a><a class=\"qodef-preview\" title=\"Go to Project\" href=\"https:\/\/innolab.org\/de\/challenge\/ai-powered-data-digitalization\/\" data-type=\"portfolio_list\"><\/a><\/div>\t\t\t\t<\/div>\r\n\t\t\t<\/div>\r\n\t\t<\/div>\r\n\t<\/div>\r\n\t<div class=\"qodef-item-text-holder\">\r\n\t\t<h5 class=\"qodef-item-title\">\r\n\t\t\t<a href=\"https:\/\/innolab.org\/de\/challenge\/ai-powered-data-digitalization\/\">\r\n\t\t\t\tAI-powered Data Digitalization\t\t\t<\/a>\r\n\t\t<\/h5>\r\n\t\t<div class=\"qodef-ptf-category-holder\"><span>InnoLab24<\/span><\/div>\t<\/div>\r\n<\/article>\r\n<article class=\"qodef-portfolio-item mix portfolio_category_413\">\r\n\t<div class = \"qodef-item-image-holder\">\r\n\t\t<img loading=\"lazy\" decoding=\"async\" width=\"1023\" height=\"646\" src=\"https:\/\/innolab.org\/wp-content\/uploads\/2024\/09\/VoKiInnoLab_24-3-e1725527122371.jpg\" class=\"attachment-full size-full wp-post-image\" alt=\"\" srcset=\"https:\/\/innolab.org\/wp-content\/uploads\/2024\/09\/VoKiInnoLab_24-3-e1725527122371.jpg 1023w, https:\/\/innolab.org\/wp-content\/uploads\/2024\/09\/VoKiInnoLab_24-3-e1725527122371-300x189.jpg 300w, https:\/\/innolab.org\/wp-content\/uploads\/2024\/09\/VoKiInnoLab_24-3-e1725527122371-768x485.jpg 768w, https:\/\/innolab.org\/wp-content\/uploads\/2024\/09\/VoKiInnoLab_24-3-e1725527122371-18x12.jpg 18w\" sizes=\"auto, (max-width: 1023px) 100vw, 1023px\" \/>\t\t<div class = \"qodef-item-image-holder-overlay\">\r\n\t\t\t<div class = \"qodef-item-image-holder-table\">\r\n\t\t\t\t<div class = \"qodef-item-image-holder-cell\">\r\n\t\t\t\t\t<div class=\"qodef-item-icons-holder\"><a class=\"qodef-portfolio-lightbox\" title=\"Spielr\u00e4ume f\u00fcr Lebenskompetenzen\" href=\"https:\/\/innolab.org\/wp-content\/uploads\/2024\/09\/VoKiInnoLab_24-3-e1725527122371.jpg\" data-rel=\"prettyPhoto[pretty_photo_gallery]\"><\/a><a class=\"qodef-like\" data-type=\"portfolio_list\" id=\"qodef-like-11060-921\" title=\"Like this\"><\/a><a class=\"qodef-preview\" title=\"Go to Project\" href=\"https:\/\/innolab.org\/de\/challenge\/playrooms\/\" data-type=\"portfolio_list\"><\/a><\/div>\t\t\t\t<\/div>\r\n\t\t\t<\/div>\r\n\t\t<\/div>\r\n\t<\/div>\r\n\t<div class=\"qodef-item-text-holder\">\r\n\t\t<h5 class=\"qodef-item-title\">\r\n\t\t\t<a href=\"https:\/\/innolab.org\/de\/challenge\/playrooms\/\">\r\n\t\t\t\tSpielr\u00e4ume f\u00fcr Lebenskompetenzen\t\t\t<\/a>\r\n\t\t<\/h5>\r\n\t\t<div class=\"qodef-ptf-category-holder\"><span>InnoLab24<\/span><\/div>\t<\/div>\r\n<\/article>\r\n<div class='qodef-filler'><\/div>\n<div class='qodef-filler'><\/div>\n<div class='qodef-filler'><\/div>\n<\/div><\/div><\/div><\/div><\/div><\/div><\/div><\/div><div class=\"vc_row wpb_row vc_row-fluid qodef-section qodef-content-aligment-center qodef-grid-section\" style=\"\"><div class=\"clearfix qodef-section-inner\"><div class=\"qodef-section-inner-margin clearfix\"><div class=\"wpb_column vc_column_container vc_col-sm-12\"><div class=\"vc_column-inner\"><div class=\"wpb_wrapper\"><div class=\"vc_empty_space\"   style=\"height: 48px\"><span class=\"vc_empty_space_inner\"><\/span><\/div>\n\t<div class=\"wpb_text_column wpb_content_element  bigger\" >\n\t\t<div class=\"wpb_wrapper\">\n\t\t\t<h1 style=\"text-align: center;\">InnoLab 2023<\/h1>\n\n\t\t<\/div>\n\t<\/div>\n<div class = \"qodef-portfolio-list-holder-outer qodef-ptf-standard qodef-ptf-two-columns\" data-next-page= 2 data-type= standard data-columns= two data-grid-size= three data-order-by= date data-order= DESC data-number= -1 data-image-size= landscape data-filter= no data-filter-order-by= name data-category= innolab23 data-show-load-more= no data-title-tag= h5 data-max-num-pages = 0><div class = \"qodef-portfolio-list-holder clearfix\" ><article class=\"qodef-portfolio-item mix portfolio_category_274\">\r\n\t<div class = \"qodef-item-image-holder\">\r\n\t\t<img loading=\"lazy\" decoding=\"async\" width=\"800\" height=\"600\" src=\"https:\/\/innolab.org\/wp-content\/uploads\/2023\/06\/InnoLab_Omicron-7-800x600.jpg\" class=\"attachment-ayro_qodef_landscape size-ayro_qodef_landscape wp-post-image\" alt=\"\" srcset=\"https:\/\/innolab.org\/wp-content\/uploads\/2023\/06\/InnoLab_Omicron-7-800x600.jpg 800w, https:\/\/innolab.org\/wp-content\/uploads\/2023\/06\/InnoLab_Omicron-7-scaled-e1688453495567-300x226.jpg 300w, https:\/\/innolab.org\/wp-content\/uploads\/2023\/06\/InnoLab_Omicron-7-scaled-e1688453495567.jpg 721w\" sizes=\"auto, (max-width: 800px) 100vw, 800px\" \/>\t\t<div class = \"qodef-item-image-holder-overlay\">\r\n\t\t\t<div class = \"qodef-item-image-holder-table\">\r\n\t\t\t\t<div class = \"qodef-item-image-holder-cell\">\r\n\t\t\t\t\t<div class=\"qodef-item-icons-holder\"><a class=\"qodef-portfolio-lightbox\" title=\"AI-powered knowledge-sharing\" href=\"https:\/\/innolab.org\/wp-content\/uploads\/2023\/06\/InnoLab_Omicron-7-scaled-e1688453495567.jpg\" data-rel=\"prettyPhoto[pretty_photo_gallery]\"><\/a><a class=\"qodef-like\" data-type=\"portfolio_list\" id=\"qodef-like-10400-793\" title=\"Like this\"><\/a><a class=\"qodef-preview\" title=\"Go to Project\" href=\"https:\/\/innolab.org\/de\/challenge\/ai-powered-knowledge-sharing\/\" data-type=\"portfolio_list\"><\/a><\/div>\t\t\t\t<\/div>\r\n\t\t\t<\/div>\r\n\t\t<\/div>\r\n\t<\/div>\r\n\t<div class=\"qodef-item-text-holder\">\r\n\t\t<h5 class=\"qodef-item-title\">\r\n\t\t\t<a href=\"https:\/\/innolab.org\/de\/challenge\/ai-powered-knowledge-sharing\/\">\r\n\t\t\t\tAI-powered knowledge-sharing\t\t\t<\/a>\r\n\t\t<\/h5>\r\n\t\t<div class=\"qodef-ptf-category-holder\"><span>InnoLab23<\/span><\/div>\t<\/div>\r\n<\/article>\r\n<article class=\"qodef-portfolio-item mix portfolio_category_274\">\r\n\t<div class = \"qodef-item-image-holder\">\r\n\t\t<img loading=\"lazy\" decoding=\"async\" width=\"800\" height=\"600\" src=\"https:\/\/innolab.org\/wp-content\/uploads\/2023\/04\/InnoLab_BTVLeasing-928324082-800x600.jpg\" class=\"attachment-ayro_qodef_landscape size-ayro_qodef_landscape wp-post-image\" alt=\"\" srcset=\"https:\/\/innolab.org\/wp-content\/uploads\/2023\/04\/InnoLab_BTVLeasing-928324082-800x600.jpg 800w, https:\/\/innolab.org\/wp-content\/uploads\/2023\/04\/InnoLab_BTVLeasing-928324082-scaled-e1688453618960-300x226.jpg 300w, https:\/\/innolab.org\/wp-content\/uploads\/2023\/04\/InnoLab_BTVLeasing-928324082-scaled-e1688453618960.jpg 721w\" sizes=\"auto, (max-width: 800px) 100vw, 800px\" \/>\t\t<div class = \"qodef-item-image-holder-overlay\">\r\n\t\t\t<div class = \"qodef-item-image-holder-table\">\r\n\t\t\t\t<div class = \"qodef-item-image-holder-cell\">\r\n\t\t\t\t\t<div class=\"qodef-item-icons-holder\"><a class=\"qodef-portfolio-lightbox\" title=\"Digitalisierung von Leasing f\u00fcr nachhaltige Investitionen\" href=\"https:\/\/innolab.org\/wp-content\/uploads\/2023\/04\/InnoLab_BTVLeasing-928324082-scaled-e1688453618960.jpg\" data-rel=\"prettyPhoto[pretty_photo_gallery]\"><\/a><a class=\"qodef-like\" data-type=\"portfolio_list\" id=\"qodef-like-10279-309\" title=\"Like this\"><\/a><a class=\"qodef-preview\" title=\"Go to Project\" href=\"https:\/\/innolab.org\/de\/challenge\/sustainableinvestments\/\" data-type=\"portfolio_list\"><\/a><\/div>\t\t\t\t<\/div>\r\n\t\t\t<\/div>\r\n\t\t<\/div>\r\n\t<\/div>\r\n\t<div class=\"qodef-item-text-holder\">\r\n\t\t<h5 class=\"qodef-item-title\">\r\n\t\t\t<a href=\"https:\/\/innolab.org\/de\/challenge\/sustainableinvestments\/\">\r\n\t\t\t\tDigitalisierung von Leasing f\u00fcr nachhaltige Investitionen\t\t\t<\/a>\r\n\t\t<\/h5>\r\n\t\t<div class=\"qodef-ptf-category-holder\"><span>InnoLab23<\/span><\/div>\t<\/div>\r\n<\/article>\r\n<div class='qodef-filler'><\/div>\n<div class='qodef-filler'><\/div>\n<\/div><\/div><div class=\"vc_empty_space\"   style=\"height: 48px\"><span class=\"vc_empty_space_inner\"><\/span><\/div><div class=\"vc_empty_space\"   style=\"height: 48px\"><span class=\"vc_empty_space_inner\"><\/span><\/div>\n\t<div class=\"wpb_text_column wpb_content_element  bigger\" >\n\t\t<div class=\"wpb_wrapper\">\n\t\t\t<h1 style=\"text-align: center;\">InnoSchool 2019<\/h1>\n<h2 style=\"text-align: center;\">#FutureOfCooking<\/h2>\n\n\t\t<\/div>\n\t<\/div>\n<div class=\"vc_empty_space\"   style=\"height: 48px\"><span class=\"vc_empty_space_inner\"><\/span><\/div><div data-qodef-parallax-speed=\"1\" class=\"vc_row wpb_row vc_inner vc_row-fluid qodef-section qodef-content-aligment-left\" style=\"\"><div class=\"qodef-full-section-inner\"><div class=\"wpb_column vc_column_container vc_col-sm-6\"><div class=\"vc_column-inner\"><div class=\"wpb_wrapper\">\n\t<div  class=\"wpb_single_image wpb_content_element vc_align_center\">\n\t\t\n\t\t<figure class=\"wpb_wrapper vc_figure\">\n\t\t\t<a href=\"https:\/\/innolab.org\/challenge\/smartkitchen\/\" target=\"_self\" class=\"vc_single_image-wrapper   vc_box_border_grey\"><img loading=\"lazy\" decoding=\"async\" class=\"vc_single_image-img \" src=\"https:\/\/innolab.org\/wp-content\/uploads\/2019\/07\/BlumChallengeImage-1.jpg\" width=\"915\" height=\"440\" alt=\"BlumChallengeImage\" title=\"BlumChallengeImage\" \/><\/a>\n\t\t<\/figure>\n\t<\/div>\n\n\t<div class=\"wpb_text_column wpb_content_element  bigger\" >\n\t\t<div class=\"wpb_wrapper\">\n\t\t\t<h3><a href=\"https:\/\/innolab.org\/challenge\/smartkitchen\/\">Smart Kitchen<\/a><\/h3>\n<p>How might we create smart drawers to improve how we organize food in our kitchen?<\/p>\n\n\t\t<\/div>\n\t<\/div>\n<div class=\"vc_empty_space\"   style=\"height: 48px\"><span class=\"vc_empty_space_inner\"><\/span><\/div><\/div><\/div><\/div><div class=\"wpb_column vc_column_container vc_col-sm-6\"><div class=\"vc_column-inner\"><div class=\"wpb_wrapper\">\n\t<div  class=\"wpb_single_image wpb_content_element vc_align_left\">\n\t\t\n\t\t<figure class=\"wpb_wrapper vc_figure\">\n\t\t\t<a href=\"https:\/\/innolab.org\/challenge\/cookingplatform\/\" target=\"_self\" class=\"vc_single_image-wrapper   vc_box_border_grey\"><img loading=\"lazy\" decoding=\"async\" class=\"vc_single_image-img \" src=\"https:\/\/innolab.org\/wp-content\/uploads\/2019\/07\/Tisch_von_oben_compressed-1.jpg\" width=\"913\" height=\"442\" alt=\"Tisch_von_oben_compressed\" title=\"Tisch_von_oben_compressed\" \/><\/a>\n\t\t<\/figure>\n\t<\/div>\n\n\t<div class=\"wpb_text_column wpb_content_element  bigger\" >\n\t\t<div class=\"wpb_wrapper\">\n\t\t\t<h3><a href=\"https:\/\/innolab.org\/challenge\/cookingplatform\/\">Cooking platform<\/a><\/h3>\n<p>How might we provide chefs with a valuable digital solution to solve the pain points they experience in their job?<\/p>\n\n\t\t<\/div>\n\t<\/div>\n<div class=\"vc_empty_space\"   style=\"height: 48px\"><span class=\"vc_empty_space_inner\"><\/span><\/div><\/div><\/div><\/div><\/div><\/div><\/div><\/div><\/div><\/div><\/div><\/div><div class=\"wpb_column vc_column_container vc_col-sm-12\"><div class=\"vc_column-inner\"><div class=\"wpb_wrapper\"><\/div><\/div><\/div><div class=\"bigger wpb_column vc_column_container vc_col-sm-12\"><div class=\"vc_column-inner\"><div class=\"wpb_wrapper\"><\/div><\/div><\/div>\n<\/section>","protected":false},"excerpt":{"rendered":"Wie k\u00f6nnen wir durch die Digitalisierung unseren Kunden auf einfachste Weise nachhaltige Leasinginvestitionen erm\u00f6glichen? Die Digitalisierung hat zahlreiche Branchen ver\u00e4ndert, und Leasing wird nicht verschont bleiben. Wir wollen das Potenzial der Digitalisierung nutzen, um Prozesse zu vereinfachen und Kundeninteraktionen attraktiver zu gestalten, um Investitionen f\u00fcr...","protected":false},"author":1,"featured_media":0,"parent":0,"menu_order":0,"comment_status":"closed","ping_status":"closed","template":"full-width.php","meta":{"footnotes":""},"class_list":["post-10096","page","type-page","status-publish","hentry"],"yoast_head":"<!-- This site is optimized with the Yoast SEO plugin v27.4 - https:\/\/yoast.com\/product\/yoast-seo-wordpress\/ -->\n<title>Challenges - InnoLab<\/title>\n<meta name=\"description\" content=\"Two challenges will be tackled in the Fall\u201923 edition and the next challenges in the Spring \u201924 edition.\" \/>\n<meta name=\"robots\" content=\"index, follow, max-snippet:-1, max-image-preview:large, max-video-preview:-1\" \/>\n<link rel=\"canonical\" href=\"https:\/\/innolab.org\/de\/challenges\/\" \/>\n<meta property=\"og:locale\" content=\"de_DE\" \/>\n<meta property=\"og:type\" content=\"article\" \/>\n<meta property=\"og:title\" content=\"Challenges - InnoLab\" \/>\n<meta property=\"og:description\" content=\"Two challenges will be tackled in the Fall\u201923 edition and the next challenges in the Spring \u201924 edition.\" \/>\n<meta property=\"og:url\" content=\"https:\/\/innolab.org\/de\/challenges\/\" \/>\n<meta property=\"og:site_name\" content=\"InnoLab\" \/>\n<meta property=\"article:modified_time\" content=\"2024-08-11T10:06:45+00:00\" \/>\n<meta name=\"twitter:card\" content=\"summary_large_image\" \/>\n<meta name=\"twitter:label1\" content=\"Gesch\u00e4tzte Lesezeit\" \/>\n\t<meta name=\"twitter:data1\" content=\"1\u00a0Minute\" \/>\n<script type=\"application\/ld+json\" class=\"yoast-schema-graph\">{\"@context\":\"https:\\\/\\\/schema.org\",\"@graph\":[{\"@type\":\"WebPage\",\"@id\":\"https:\\\/\\\/innolab.org\\\/challenges\\\/\",\"url\":\"https:\\\/\\\/innolab.org\\\/challenges\\\/\",\"name\":\"Challenges - InnoLab\",\"isPartOf\":{\"@id\":\"https:\\\/\\\/innolab.org\\\/#website\"},\"datePublished\":\"2019-09-07T06:53:38+00:00\",\"dateModified\":\"2024-08-11T10:06:45+00:00\",\"description\":\"Two challenges will be tackled in the Fall\u201923 edition and the next challenges in the Spring \u201924 edition.\",\"breadcrumb\":{\"@id\":\"https:\\\/\\\/innolab.org\\\/challenges\\\/#breadcrumb\"},\"inLanguage\":\"de\",\"potentialAction\":[{\"@type\":\"ReadAction\",\"target\":[\"https:\\\/\\\/innolab.org\\\/challenges\\\/\"]}]},{\"@type\":\"BreadcrumbList\",\"@id\":\"https:\\\/\\\/innolab.org\\\/challenges\\\/#breadcrumb\",\"itemListElement\":[{\"@type\":\"ListItem\",\"position\":1,\"name\":\"Home\",\"item\":\"https:\\\/\\\/innolab.org\\\/\"},{\"@type\":\"ListItem\",\"position\":2,\"name\":\"Challenges\"}]},{\"@type\":\"WebSite\",\"@id\":\"https:\\\/\\\/innolab.org\\\/#website\",\"url\":\"https:\\\/\\\/innolab.org\\\/\",\"name\":\"InnoLab\",\"description\":\"Make ideas happen.\",\"potentialAction\":[{\"@type\":\"SearchAction\",\"target\":{\"@type\":\"EntryPoint\",\"urlTemplate\":\"https:\\\/\\\/innolab.org\\\/?s={search_term_string}\"},\"query-input\":{\"@type\":\"PropertyValueSpecification\",\"valueRequired\":true,\"valueName\":\"search_term_string\"}}],\"inLanguage\":\"de\"}]}<\/script>\n<!-- \/ Yoast SEO plugin. -->","yoast_head_json":{"title":"Challenges - InnoLab","description":"Two challenges will be tackled in the Fall\u201923 edition and the next challenges in the Spring \u201924 edition.","robots":{"index":"index","follow":"follow","max-snippet":"max-snippet:-1","max-image-preview":"max-image-preview:large","max-video-preview":"max-video-preview:-1"},"canonical":"https:\/\/innolab.org\/de\/challenges\/","og_locale":"de_DE","og_type":"article","og_title":"Challenges - InnoLab","og_description":"Two challenges will be tackled in the Fall\u201923 edition and the next challenges in the Spring \u201924 edition.","og_url":"https:\/\/innolab.org\/de\/challenges\/","og_site_name":"InnoLab","article_modified_time":"2024-08-11T10:06:45+00:00","twitter_card":"summary_large_image","twitter_misc":{"Gesch\u00e4tzte Lesezeit":"1\u00a0Minute"},"schema":{"@context":"https:\/\/schema.org","@graph":[{"@type":"WebPage","@id":"https:\/\/innolab.org\/challenges\/","url":"https:\/\/innolab.org\/challenges\/","name":"Challenges - InnoLab","isPartOf":{"@id":"https:\/\/innolab.org\/#website"},"datePublished":"2019-09-07T06:53:38+00:00","dateModified":"2024-08-11T10:06:45+00:00","description":"Two challenges will be tackled in the Fall\u201923 edition and the next challenges in the Spring \u201924 edition.","breadcrumb":{"@id":"https:\/\/innolab.org\/challenges\/#breadcrumb"},"inLanguage":"de","potentialAction":[{"@type":"ReadAction","target":["https:\/\/innolab.org\/challenges\/"]}]},{"@type":"BreadcrumbList","@id":"https:\/\/innolab.org\/challenges\/#breadcrumb","itemListElement":[{"@type":"ListItem","position":1,"name":"Home","item":"https:\/\/innolab.org\/"},{"@type":"ListItem","position":2,"name":"Challenges"}]},{"@type":"WebSite","@id":"https:\/\/innolab.org\/#website","url":"https:\/\/innolab.org\/","name":"InnoLab","description":"Make ideas happen.","potentialAction":[{"@type":"SearchAction","target":{"@type":"EntryPoint","urlTemplate":"https:\/\/innolab.org\/?s={search_term_string}"},"query-input":{"@type":"PropertyValueSpecification","valueRequired":true,"valueName":"search_term_string"}}],"inLanguage":"de"}]}},"_links":{"self":[{"href":"https:\/\/innolab.org\/de\/wp-json\/wp\/v2\/pages\/10096","targetHints":{"allow":["GET"]}}],"collection":[{"href":"https:\/\/innolab.org\/de\/wp-json\/wp\/v2\/pages"}],"about":[{"href":"https:\/\/innolab.org\/de\/wp-json\/wp\/v2\/types\/page"}],"author":[{"embeddable":true,"href":"https:\/\/innolab.org\/de\/wp-json\/wp\/v2\/users\/1"}],"replies":[{"embeddable":true,"href":"https:\/\/innolab.org\/de\/wp-json\/wp\/v2\/comments?post=10096"}],"version-history":[{"count":27,"href":"https:\/\/innolab.org\/de\/wp-json\/wp\/v2\/pages\/10096\/revisions"}],"predecessor-version":[{"id":10633,"href":"https:\/\/innolab.org\/de\/wp-json\/wp\/v2\/pages\/10096\/revisions\/10633"}],"wp:attachment":[{"href":"https:\/\/innolab.org\/de\/wp-json\/wp\/v2\/media?parent=10096"}],"curies":[{"name":"wp","href":"https:\/\/api.w.org\/{rel}","templated":true}]}}