{"id":5621,"date":"2018-01-21T15:25:13","date_gmt":"2018-01-21T13:25:13","guid":{"rendered":"http:\/\/innoschool.conui.co\/?page_id=5621"},"modified":"2025-10-24T09:30:14","modified_gmt":"2025-10-24T07:30:14","slug":"companies","status":"publish","type":"page","link":"https:\/\/innolab.org\/de\/companies\/","title":{"rendered":"Unternehmen"},"content":{"rendered":"<section class=\"wpb-content-wrapper\"><div class=\"vc_row wpb_row vc_row-fluid qodef-section bigger vc_custom_1761290578687 qodef-content-aligment-center qodef-grid-section\" style=\"\"><div class=\"clearfix qodef-section-inner\"><div class=\"qodef-section-inner-margin clearfix\"><div class=\"wpb_column vc_column_container vc_col-sm-12\"><div class=\"vc_column-inner\"><div class=\"wpb_wrapper\">\n\t<div class=\"wpb_text_column wpb_content_element\" >\n\t\t<div class=\"wpb_wrapper\">\n\t\t\t<h2><span style=\"color: #000000;\">Werden Sie Unternehmenspartner<br \/>\n<\/span><\/h2>\n\n\t\t<\/div>\n\t<\/div>\n<div class=\"vc_empty_space\"   style=\"height: 18px\"><span class=\"vc_empty_space_inner\"><\/span><\/div>\n\t<div class=\"wpb_text_column wpb_content_element  bigger\" >\n\t\t<div class=\"wpb_wrapper\">\n\t\t\t<p style=\"text-align: center;\"><span style=\"color: #000000;\">Es gibt keinen Mangel an neuen Ideen. Aber Ideen sind ohne Umsetzung wertlos. Geben Sie Ihrem InnoLab-Team die M\u00f6glichkeit, w\u00e4hrend unseres 3-monatigen Programms L\u00f6sungen f\u00fcr Ihre Innovationsherausforderungen zu entwickeln. InnoLab beschleunigt Ihre Innovationsbem\u00fchungen, indem es Fragen aufwirft und Prototypen entwickelt werden, um Sie so n\u00e4her an den Markt zu bringen.<\/span><\/p>\n\n\t\t<\/div>\n\t<\/div>\n<div class=\"vc_empty_space\"   style=\"height: 80px\"><span class=\"vc_empty_space_inner\"><\/span><\/div><\/div><\/div><\/div><\/div><\/div><\/div><div class=\"vc_row wpb_row vc_row-fluid qodef-section bigger qodef-content-aligment-left qodef-grid-section\" style=\"\"><div class=\"clearfix qodef-section-inner\"><div class=\"qodef-section-inner-margin clearfix\"><div class=\"wpb_column vc_column_container vc_col-sm-4\"><div class=\"vc_column-inner\"><div class=\"wpb_wrapper\">\n\t<div class=\"wpb_text_column wpb_content_element  bigger\" >\n\t\t<div class=\"wpb_wrapper\">\n\t\t\t<div class=\"qodef-iwt-title-holder\">\n<h3><span style=\"color: #000000;\"><b>\ud83d\udca1 Innovate effectively<\/b><\/span><\/h3>\n<p><span style=\"color: #000000;\">Kommen Sie rasch auf neue Ideen, indem Sie L\u00f6sungen f\u00fcr ihre Herausforderung erarbeiten und testen.<\/span><\/p>\n<\/div>\n\n\t\t<\/div>\n\t<\/div>\n<div class=\"vc_empty_space\"   style=\"height: 32px\"><span class=\"vc_empty_space_inner\"><\/span><\/div><\/div><\/div><\/div><div class=\"wpb_column vc_column_container vc_col-sm-4\"><div class=\"vc_column-inner\"><div class=\"wpb_wrapper\">\n\t<div class=\"wpb_text_column wpb_content_element  bigger\" >\n\t\t<div class=\"wpb_wrapper\">\n\t\t\t<h3><span style=\"color: #000000;\">\ud83c\udf93 Train employees<\/span><\/h3>\n<p><span style=\"color: #000000;\">Bilden Sie Ihre Mitarbeiter mit gefragten F\u00e4higkeiten weiter aus und bef\u00e4higen Sie sie zu Innovationen, indem Sie sie von entbehrlichen Einschr\u00e4nkungen befreien.<\/span><\/p>\n\n\t\t<\/div>\n\t<\/div>\n<div data-qodef-parallax-speed=\"1\" class=\"vc_row wpb_row vc_inner vc_row-fluid qodef-section qodef-content-aligment-left\" style=\"\"><div class=\"qodef-full-section-inner\"><div class=\"wpb_column vc_column_container vc_col-sm-12\"><div class=\"vc_column-inner\"><div class=\"wpb_wrapper\"><div class=\"vc_empty_space\"   style=\"height: 32px\"><span class=\"vc_empty_space_inner\"><\/span><\/div><\/div><\/div><\/div><\/div><\/div><\/div><\/div><\/div><div class=\"wpb_column vc_column_container vc_col-sm-4\"><div class=\"vc_column-inner\"><div class=\"wpb_wrapper\">\n\t<div class=\"wpb_text_column wpb_content_element  bigger\" >\n\t\t<div class=\"wpb_wrapper\">\n\t\t\t<h3><span style=\"color: #000000;\">\ud83c\udf1f Recruit talent<\/span><\/h3>\n<p><span style=\"color: #000000;\">Erhalten Sie Zugang zu Talenten, die die Kompetenzl\u00fccken Ihres Unternehmens schlie\u00dfen und Ihre Innovationsagenda vorantreiben.<\/span><\/p>\n\n\t\t<\/div>\n\t<\/div>\n<div class=\"vc_empty_space\"   style=\"height: 32px\"><span class=\"vc_empty_space_inner\"><\/span><\/div><\/div><\/div><\/div><\/div><\/div><\/div><div class=\"vc_row wpb_row vc_row-fluid qodef-section bigger vc_custom_1761290612086 qodef-content-aligment-center qodef-grid-section\" style=\"\"><div class=\"clearfix qodef-section-inner\"><div class=\"qodef-section-inner-margin clearfix\"><div class=\"wpb_column vc_column_container vc_col-sm-12\"><div class=\"vc_column-inner\"><div class=\"wpb_wrapper\">\n\t<div class=\"wpb_text_column wpb_content_element\" >\n\t\t<div class=\"wpb_wrapper\">\n\t\t\t<h2><span style=\"color: #000000;\">Wie funktioniert InnoLab?<\/span><\/h2>\n\n\t\t<\/div>\n\t<\/div>\n\n\t<div class=\"wpb_text_column wpb_content_element  bigger\" >\n\t\t<div class=\"wpb_wrapper\">\n\t\t\t<p><span style=\"color: #000000;\">Die Unternehmen definieren eine Herausforderung, und die Teilnehmer bewerben sich mit ihren Inspirationen. W\u00e4hrend des Programms bieten Experten Workshops und Mentoring an, um die Teams bei der Entwicklung und Validierung ihrer Ideen \u00fcber drei Monate hinweg zu unterst\u00fctzen.<\/span><\/p>\n\n\t\t<\/div>\n\t<\/div>\n<div class=\"vc_empty_space\"   style=\"height: 40px\"><span class=\"vc_empty_space_inner\"><\/span><\/div><div data-qodef-parallax-speed=\"1\" class=\"vc_row wpb_row vc_inner vc_row-fluid qodef-section bigger qodef-content-aligment-left\" style=\"\"><div class=\"qodef-full-section-inner\"><div class=\"wpb_column vc_column_container vc_col-sm-6\"><div class=\"vc_column-inner\"><div class=\"wpb_wrapper\">\n\t<div class=\"wpb_text_column wpb_content_element\" >\n\t\t<div class=\"wpb_wrapper\">\n\t\t\t<p><span style=\"color: #000000;\"><strong>Ziele<\/strong><\/span><\/p>\n<p><span style=\"color: #000000;\">\ud83c\udfaf Validate solution to your innovation challenge in 3 months<\/span><\/p>\n<p><span style=\"color: #000000;\">\ud83c\udfaf Create the basis for decision-making for further investment<\/span><\/p>\n<p><span style=\"color: #000000;\">\ud83c\udfaf Empower employees and recruit talent<\/span><\/p>\n\n\t\t<\/div>\n\t<\/div>\n<\/div><\/div><\/div><div class=\"wpb_column vc_column_container vc_col-sm-6\"><div class=\"vc_column-inner\"><div class=\"wpb_wrapper\">\n\t<div class=\"wpb_text_column wpb_content_element\" >\n\t\t<div class=\"wpb_wrapper\">\n\t\t\t<p style=\"padding-left: 40px;\"><span style=\"color: #000000;\"><strong>Resultate<\/strong><\/span><\/p>\n<p style=\"padding-left: 40px;\"><span style=\"color: #000000;\">\u2713 Entwicklung eines lebensf\u00e4higen Produktes<\/span><\/p>\n<p style=\"padding-left: 40px;\"><span style=\"color: #000000;\">\u2713 Tests von Gesch\u00e4ftsmodellhypothesen<\/span><\/p>\n<p style=\"padding-left: 40px;\"><span style=\"color: #000000;\">\u2713 \u00dcberzeugendes Pitch Deck f\u00fcr die Stakeholder des Unternehmens<br \/>\n<\/span><\/p>\n\n\t\t<\/div>\n\t<\/div>\n<\/div><\/div><\/div><\/div><\/div><div class=\"vc_empty_space\"   style=\"height: 50px\"><span class=\"vc_empty_space_inner\"><\/span><\/div><\/div><\/div><\/div><\/div><\/div><\/div><div class=\"vc_row wpb_row vc_row-fluid qodef-section qodef-content-aligment-left qodef-grid-section\" style=\"\"><div class=\"clearfix qodef-section-inner\"><div class=\"qodef-section-inner-margin clearfix\"><div class=\"wpb_column vc_column_container vc_col-sm-12\"><div class=\"vc_column-inner\"><div class=\"wpb_wrapper\"><div class=\"vc_empty_space\"   style=\"height: 50px\"><span class=\"vc_empty_space_inner\"><\/span><\/div>\n\t<div class=\"wpb_text_column wpb_content_element\" >\n\t\t<div class=\"wpb_wrapper\">\n\t\t\t<h2 style=\"text-align: center;\"><span style=\"color: #000000;\">Andere M\u00f6glichkeiten Teil eines InnoLabs zu werden<\/span><strong><br \/>\n<\/strong><\/h2>\n\n\t\t<\/div>\n\t<\/div>\n<div class=\"vc_empty_space\"   style=\"height: 70px\"><span class=\"vc_empty_space_inner\"><\/span><\/div><div data-qodef-parallax-speed=\"1\" class=\"vc_row wpb_row vc_inner vc_row-fluid qodef-section bigger qodef-content-aligment-left\" style=\"\"><div class=\"qodef-full-section-inner\"><div class=\"wpb_column vc_column_container vc_col-sm-4\"><div class=\"vc_column-inner\"><div class=\"wpb_wrapper\">\n\t<div class=\"wpb_text_column wpb_content_element  bigger\" >\n\t\t<div class=\"wpb_wrapper\">\n\t\t\t<div class=\"qodef-iwt-title-holder\">\n<h3 style=\"text-align: center;\"><span style=\"color: #000000;\">Mitarbeiter Schulung<b><br \/>\n<\/b><\/span><\/h3>\n<\/div>\n<div class=\"qodef-iwt-text-holder\">\n<p style=\"text-align: center;\"><span style=\"color: #000000;\">Verbessern Sie die Innovationsf\u00e4higkeiten Ihres Teams. Nehmen Sie an ausgew\u00e4hlten Workshops teil, um Ihr wertvolles Team zu schulen und zu f\u00f6rdern, damit es \u00fcber die entsprechenden F\u00e4higkeiten verf\u00fcgt.<\/span><\/p>\n<\/div>\n\n\t\t<\/div>\n\t<\/div>\n<\/div><\/div><\/div><div class=\"wpb_column vc_column_container vc_col-sm-4\"><div class=\"vc_column-inner\"><div class=\"wpb_wrapper\">\n\t<div class=\"wpb_text_column wpb_content_element  bigger\" >\n\t\t<div class=\"wpb_wrapper\">\n\t\t\t<div class=\"qodef-iwt-title-holder\">\n<h3 style=\"text-align: center;\"><span style=\"color: #000000;\">Sponsoring von Veranstaltungen<b><br \/>\n<\/b><\/span><\/h3>\n<\/div>\n<div class=\"qodef-iwt-text-holder\">\n<p style=\"text-align: center;\"><span style=\"color: #000000;\">Machen Sie auf sich aufmerksam, indem Sie einen unserer Workshops oder Meetings sponsern.<\/span><\/p>\n<\/div>\n\n\t\t<\/div>\n\t<\/div>\n<\/div><\/div><\/div><div class=\"wpb_column vc_column_container vc_col-sm-4\"><div class=\"vc_column-inner\"><div class=\"wpb_wrapper\">\n\t<div class=\"wpb_text_column wpb_content_element  bigger\" >\n\t\t<div class=\"wpb_wrapper\">\n\t\t\t<div class=\"qodef-iwt-title-holder\">\n<h3 style=\"text-align: center;\"><span style=\"color: #000000;\">Finanzierung eines Stipendiums<b><br \/>\n<\/b><\/span><\/h3>\n<\/div>\n<div class=\"qodef-iwt-text-holder\">\n<p style=\"text-align: center;\"><span style=\"color: #000000;\">Erh\u00f6hen Sie Ihren sozialen Einfluss, indem Sie denjenigen, die es brauchen, technische Bildung anbieten. Mit Ihrer Unterst\u00fctzung k\u00f6nnen wir weitere InnoLab-Stipendiaten zur Bew\u00e4ltigung der Herausforderungen einsetzen.<\/span><\/p>\n<\/div>\n\n\t\t<\/div>\n\t<\/div>\n<\/div><\/div><\/div><\/div><\/div><div class=\"vc_empty_space\"   style=\"height: 32px\"><span class=\"vc_empty_space_inner\"><\/span><\/div><\/div><\/div><\/div><\/div><\/div><\/div><div class=\"vc_row wpb_row vc_row-fluid qodef-section vc_custom_1688540472139 qodef-content-aligment-left qodef-grid-section\" style=\"\"><div class=\"clearfix qodef-section-inner\"><div class=\"qodef-section-inner-margin clearfix\"><div class=\"wpb_column vc_column_container vc_col-sm-12\"><div class=\"vc_column-inner\"><div class=\"wpb_wrapper\"><div class=\"vc_empty_space\"   style=\"height: 50px\"><span class=\"vc_empty_space_inner\"><\/span><\/div>\n\t<div class=\"wpb_text_column wpb_content_element\" >\n\t\t<div class=\"wpb_wrapper\">\n\t\t\t<h2 style=\"text-align: center;\"><span style=\"color: #000000;\">You are in good company<\/span><strong><br \/>\n<\/strong><\/h2>\n\n\t\t<\/div>\n\t<\/div>\n<div class=\"vc_empty_space\"   style=\"height: 32px\"><span class=\"vc_empty_space_inner\"><\/span><\/div><div data-qodef-parallax-speed=\"1\" class=\"vc_row wpb_row vc_inner vc_row-fluid qodef-section qodef-content-aligment-left\" style=\"\"><div class=\"qodef-full-section-inner\"><div class=\"wpb_column vc_column_container vc_col-sm-4\"><div class=\"vc_column-inner\"><div class=\"wpb_wrapper\">\n\t<div  class=\"wpb_single_image wpb_content_element vc_align_center\">\n\t\t\n\t\t<figure class=\"wpb_wrapper vc_figure\">\n\t\t\t<div class=\"vc_single_image-wrapper   vc_box_border_grey\"><img loading=\"lazy\" decoding=\"async\" class=\"vc_single_image-img\" src=\"https:\/\/innolab.org\/wp-content\/uploads\/2023\/06\/Omicron-200x100.png\" width=\"200\" height=\"100\" alt=\"Omicron\" title=\"Omicron\" \/><\/div>\n\t\t<\/figure>\n\t<\/div>\n<\/div><\/div><\/div><div class=\"wpb_column vc_column_container vc_col-sm-4\"><div class=\"vc_column-inner\"><div class=\"wpb_wrapper\">\n\t<div  class=\"wpb_single_image wpb_content_element vc_align_center\">\n\t\t\n\t\t<figure class=\"wpb_wrapper vc_figure\">\n\t\t\t<div class=\"vc_single_image-wrapper   vc_box_border_grey\"><img loading=\"lazy\" decoding=\"async\" class=\"vc_single_image-img\" src=\"https:\/\/innolab.org\/wp-content\/uploads\/2023\/06\/Caritas-200x100.png\" width=\"200\" height=\"100\" alt=\"Caritas\" title=\"Caritas\" \/><\/div>\n\t\t<\/figure>\n\t<\/div>\n<\/div><\/div><\/div><div class=\"wpb_column vc_column_container vc_col-sm-4\"><div class=\"vc_column-inner\"><div class=\"wpb_wrapper\">\n\t<div  class=\"wpb_single_image wpb_content_element vc_align_center\">\n\t\t\n\t\t<figure class=\"wpb_wrapper vc_figure\">\n\t\t\t<div class=\"vc_single_image-wrapper   vc_box_border_grey\"><img loading=\"lazy\" decoding=\"async\" class=\"vc_single_image-img\" src=\"https:\/\/innolab.org\/wp-content\/uploads\/2023\/07\/BTV-200x100.png\" width=\"200\" height=\"100\" alt=\"BTV\" title=\"BTV\" \/><\/div>\n\t\t<\/figure>\n\t<\/div>\n<\/div><\/div><\/div><\/div><\/div><div data-qodef-parallax-speed=\"1\" class=\"vc_row wpb_row vc_inner vc_row-fluid qodef-section qodef-content-aligment-left\" style=\"\"><div class=\"qodef-full-section-inner\"><div class=\"wpb_column vc_column_container vc_col-sm-4\"><div class=\"vc_column-inner\"><div class=\"wpb_wrapper\">\n\t<div  class=\"wpb_single_image wpb_content_element vc_align_center\">\n\t\t\n\t\t<figure class=\"wpb_wrapper vc_figure\">\n\t\t\t<div class=\"vc_single_image-wrapper   vc_box_border_grey\"><img loading=\"lazy\" decoding=\"async\" class=\"vc_single_image-img\" src=\"https:\/\/innolab.org\/wp-content\/uploads\/2023\/07\/Blum-200x100.png\" width=\"200\" height=\"100\" alt=\"Blum\" title=\"Blum\" \/><\/div>\n\t\t<\/figure>\n\t<\/div>\n<\/div><\/div><\/div><div class=\"wpb_column vc_column_container vc_col-sm-4\"><div class=\"vc_column-inner\"><div class=\"wpb_wrapper\">\n\t<div  class=\"wpb_single_image wpb_content_element vc_align_center\">\n\t\t\n\t\t<figure class=\"wpb_wrapper vc_figure\">\n\t\t\t<div class=\"vc_single_image-wrapper   vc_box_border_grey\"><img loading=\"lazy\" decoding=\"async\" class=\"vc_single_image-img\" src=\"https:\/\/innolab.org\/wp-content\/uploads\/2023\/07\/11er-200x100.png\" width=\"200\" height=\"100\" alt=\"11er\" title=\"11er\" \/><\/div>\n\t\t<\/figure>\n\t<\/div>\n<\/div><\/div><\/div><div class=\"wpb_column vc_column_container vc_col-sm-4\"><div class=\"vc_column-inner\"><div class=\"wpb_wrapper\">\n\t<div  class=\"wpb_single_image wpb_content_element vc_align_center\">\n\t\t\n\t\t<figure class=\"wpb_wrapper vc_figure\">\n\t\t\t<div class=\"vc_single_image-wrapper   vc_box_border_grey\"><img loading=\"lazy\" decoding=\"async\" class=\"vc_single_image-img\" src=\"https:\/\/innolab.org\/wp-content\/uploads\/2023\/07\/OW-1-200x100.png\" width=\"200\" height=\"100\" alt=\"O\u0308W\" title=\"O\u0308W\" \/><\/div>\n\t\t<\/figure>\n\t<\/div>\n<\/div><\/div><\/div><\/div><\/div><div class=\"vc_empty_space\"   style=\"height: 50px\"><span class=\"vc_empty_space_inner\"><\/span><\/div><\/div><\/div><\/div><\/div><\/div><\/div><div class=\"vc_row wpb_row vc_row-fluid qodef-section vc_custom_1761290871892 qodef-content-aligment-left\" style=\"\"><div class=\"clearfix qodef-full-section-inner\"><div class=\"wpb_column vc_column_container vc_col-sm-12\"><div class=\"vc_column-inner\"><div class=\"wpb_wrapper\">\t<div class=\"qodef-call-to-action normal\" style=\"background-color: #10cfc9\">\n\n\t\t\t\t<div class=\"qodef-container-inner\">\n\t\t\t\t\t<div class=\"qodef-call-to-action-row-75-25 clearfix\" style=\"padding: 75px 0;\">\n\t\t\t\t\t\t<div class=\"qodef-text-wrapper qodef-call-to-action-column1 qodef-call-to-action-cell\">\n\t\t\t\t\t\t\t\t\t<div class=\"qodef-call-to-action-text\" style=\"font-size: 26px\"><span style=\"color: #ffffff;\">Sie sind interessiert ein Teil von InnoLab zu werden?<\/span><\/div>\n\t\t\t\t<\/div>\n\n\t\t\t\t\t\t\t\t\t<div class=\"qodef-button-wrapper qodef-call-to-action-column2 qodef-call-to-action-cell\" style =\"text-align: right ;\">\n\t\t\t\t\t\t<a href=\"mailto:hello@conui.org\" target=\"_self\" style=\"color: #ffffff;background-color: #ff9e18\" class=\"qodef-btn qodef-btn-medium qodef-btn-solid qodef-btn-custom-hover-bg qodef-btn-custom-hover-color\" data-hover-bg-color=\"#ffd293\" data-hover-color=\"#000000\" >    <span class=\"qodef-btn-text\">Kontaktieren Sie uns<\/span>    <\/a>\t\t\t\t\t<\/div>\n\t\t\t\t\t\t\t<\/div>\n\t\t\t\t<\/div>\n\t\t\t<\/div>\n<\/div><\/div><\/div><\/div><\/div>\n<\/section>","protected":false},"excerpt":{"rendered":"Become a company partner There\u2019s no shortage of new ideas. But ideas are worthless without execution. Empower your InnoLab team to design and test solutions to your innovation challenge during our 3-month program. InnoLab accelerates your innovation efforts by surfacing questions, building prototypes to learn...","protected":false},"author":1,"featured_media":0,"parent":0,"menu_order":0,"comment_status":"closed","ping_status":"closed","template":"full-width.php","meta":{"footnotes":""},"class_list":["post-5621","page","type-page","status-publish","hentry"],"yoast_head":"<!-- This site is optimized with the Yoast SEO plugin v27.4 - https:\/\/yoast.com\/product\/yoast-seo-wordpress\/ -->\n<title>Companies - InnoLab<\/title>\n<meta name=\"description\" content=\"Empower your InnoLab team to design and test solutions to your innovation challenge during our 3-month program. InnoLab accelerates your innovation efforts by surfacing questions, building prototypes to learn and moving them closer to market.\" \/>\n<meta name=\"robots\" content=\"index, follow, max-snippet:-1, max-image-preview:large, max-video-preview:-1\" \/>\n<link rel=\"canonical\" href=\"https:\/\/innolab.org\/de\/companies\/\" \/>\n<meta property=\"og:locale\" content=\"de_DE\" \/>\n<meta property=\"og:type\" content=\"article\" \/>\n<meta property=\"og:title\" content=\"Companies - InnoLab\" \/>\n<meta property=\"og:description\" content=\"Empower your InnoLab team to design and test solutions to your innovation challenge during our 3-month program. InnoLab accelerates your innovation efforts by surfacing questions, building prototypes to learn and moving them closer to market.\" \/>\n<meta property=\"og:url\" content=\"https:\/\/innolab.org\/de\/companies\/\" \/>\n<meta property=\"og:site_name\" content=\"InnoLab\" \/>\n<meta property=\"article:modified_time\" content=\"2025-10-24T07:30:14+00:00\" \/>\n<meta name=\"twitter:card\" content=\"summary_large_image\" \/>\n<meta name=\"twitter:label1\" content=\"Gesch\u00e4tzte Lesezeit\" \/>\n\t<meta name=\"twitter:data1\" content=\"3\u00a0Minuten\" \/>\n<script type=\"application\/ld+json\" class=\"yoast-schema-graph\">{\"@context\":\"https:\\\/\\\/schema.org\",\"@graph\":[{\"@type\":\"WebPage\",\"@id\":\"https:\\\/\\\/innolab.org\\\/companies\\\/\",\"url\":\"https:\\\/\\\/innolab.org\\\/companies\\\/\",\"name\":\"Companies - InnoLab\",\"isPartOf\":{\"@id\":\"https:\\\/\\\/innolab.org\\\/#website\"},\"datePublished\":\"2018-01-21T13:25:13+00:00\",\"dateModified\":\"2025-10-24T07:30:14+00:00\",\"description\":\"Empower your InnoLab team to design and test solutions to your innovation challenge during our 3-month program. InnoLab accelerates your innovation efforts by surfacing questions, building prototypes to learn and moving them closer to market.\",\"breadcrumb\":{\"@id\":\"https:\\\/\\\/innolab.org\\\/companies\\\/#breadcrumb\"},\"inLanguage\":\"de\",\"potentialAction\":[{\"@type\":\"ReadAction\",\"target\":[\"https:\\\/\\\/innolab.org\\\/companies\\\/\"]}]},{\"@type\":\"BreadcrumbList\",\"@id\":\"https:\\\/\\\/innolab.org\\\/companies\\\/#breadcrumb\",\"itemListElement\":[{\"@type\":\"ListItem\",\"position\":1,\"name\":\"Home\",\"item\":\"https:\\\/\\\/innolab.org\\\/\"},{\"@type\":\"ListItem\",\"position\":2,\"name\":\"Companies\"}]},{\"@type\":\"WebSite\",\"@id\":\"https:\\\/\\\/innolab.org\\\/#website\",\"url\":\"https:\\\/\\\/innolab.org\\\/\",\"name\":\"InnoLab\",\"description\":\"Make ideas happen.\",\"potentialAction\":[{\"@type\":\"SearchAction\",\"target\":{\"@type\":\"EntryPoint\",\"urlTemplate\":\"https:\\\/\\\/innolab.org\\\/?s={search_term_string}\"},\"query-input\":{\"@type\":\"PropertyValueSpecification\",\"valueRequired\":true,\"valueName\":\"search_term_string\"}}],\"inLanguage\":\"de\"}]}<\/script>\n<!-- \/ Yoast SEO plugin. -->","yoast_head_json":{"title":"Companies - InnoLab","description":"Empower your InnoLab team to design and test solutions to your innovation challenge during our 3-month program. InnoLab accelerates your innovation efforts by surfacing questions, building prototypes to learn and moving them closer to market.","robots":{"index":"index","follow":"follow","max-snippet":"max-snippet:-1","max-image-preview":"max-image-preview:large","max-video-preview":"max-video-preview:-1"},"canonical":"https:\/\/innolab.org\/de\/companies\/","og_locale":"de_DE","og_type":"article","og_title":"Companies - InnoLab","og_description":"Empower your InnoLab team to design and test solutions to your innovation challenge during our 3-month program. InnoLab accelerates your innovation efforts by surfacing questions, building prototypes to learn and moving them closer to market.","og_url":"https:\/\/innolab.org\/de\/companies\/","og_site_name":"InnoLab","article_modified_time":"2025-10-24T07:30:14+00:00","twitter_card":"summary_large_image","twitter_misc":{"Gesch\u00e4tzte Lesezeit":"3\u00a0Minuten"},"schema":{"@context":"https:\/\/schema.org","@graph":[{"@type":"WebPage","@id":"https:\/\/innolab.org\/companies\/","url":"https:\/\/innolab.org\/companies\/","name":"Companies - InnoLab","isPartOf":{"@id":"https:\/\/innolab.org\/#website"},"datePublished":"2018-01-21T13:25:13+00:00","dateModified":"2025-10-24T07:30:14+00:00","description":"Empower your InnoLab team to design and test solutions to your innovation challenge during our 3-month program. InnoLab accelerates your innovation efforts by surfacing questions, building prototypes to learn and moving them closer to market.","breadcrumb":{"@id":"https:\/\/innolab.org\/companies\/#breadcrumb"},"inLanguage":"de","potentialAction":[{"@type":"ReadAction","target":["https:\/\/innolab.org\/companies\/"]}]},{"@type":"BreadcrumbList","@id":"https:\/\/innolab.org\/companies\/#breadcrumb","itemListElement":[{"@type":"ListItem","position":1,"name":"Home","item":"https:\/\/innolab.org\/"},{"@type":"ListItem","position":2,"name":"Companies"}]},{"@type":"WebSite","@id":"https:\/\/innolab.org\/#website","url":"https:\/\/innolab.org\/","name":"InnoLab","description":"Make ideas happen.","potentialAction":[{"@type":"SearchAction","target":{"@type":"EntryPoint","urlTemplate":"https:\/\/innolab.org\/?s={search_term_string}"},"query-input":{"@type":"PropertyValueSpecification","valueRequired":true,"valueName":"search_term_string"}}],"inLanguage":"de"}]}},"_links":{"self":[{"href":"https:\/\/innolab.org\/de\/wp-json\/wp\/v2\/pages\/5621","targetHints":{"allow":["GET"]}}],"collection":[{"href":"https:\/\/innolab.org\/de\/wp-json\/wp\/v2\/pages"}],"about":[{"href":"https:\/\/innolab.org\/de\/wp-json\/wp\/v2\/types\/page"}],"author":[{"embeddable":true,"href":"https:\/\/innolab.org\/de\/wp-json\/wp\/v2\/users\/1"}],"replies":[{"embeddable":true,"href":"https:\/\/innolab.org\/de\/wp-json\/wp\/v2\/comments?post=5621"}],"version-history":[{"count":35,"href":"https:\/\/innolab.org\/de\/wp-json\/wp\/v2\/pages\/5621\/revisions"}],"predecessor-version":[{"id":11179,"href":"https:\/\/innolab.org\/de\/wp-json\/wp\/v2\/pages\/5621\/revisions\/11179"}],"wp:attachment":[{"href":"https:\/\/innolab.org\/de\/wp-json\/wp\/v2\/media?parent=5621"}],"curies":[{"name":"wp","href":"https:\/\/api.w.org\/{rel}","templated":true}]}}